{"id":141,"date":"2020-01-08T18:14:43","date_gmt":"2020-01-08T18:14:43","guid":{"rendered":"https:\/\/www.romkuvert.ro\/wp\/?page_id=141"},"modified":"2020-01-08T18:17:15","modified_gmt":"2020-01-08T18:17:15","slug":"conditii-de-vanzare","status":"publish","type":"page","link":"https:\/\/www.romkuvert.ro\/en\/conditii-de-vanzare\/","title":{"rendered":"Sales conditions"},"content":{"rendered":"<h2 class=\"wp-block-heading\">1.  Generalit\u0103\u021bi  <\/h2>\n\n\n\n<p>\nClauzele prezentate au valoarea\njuridic\u0103 a unui contract \u0219i au fost \u00eencheiate azi, ziua\nfactur\u0103rii, \u00eentre S.C. ROMKUVERT IND S.R.L., denumit\u0103 \u00een\ncontinuare v\u00e2nz\u0103tor \u0219i societatea comercial\u0103 sau persoana fizic\u0103\ncump\u0103r\u0103toare, \u00eenscris\u0103 pe fata facturii &#8211; denumit\u0103 \u00een\ncontinuare cump\u0103r\u0103tor. C\u00e2nd \u00eentre p\u0103r\u021bi a fost \u00eencheiat un\ncontract care con\u021bine clauze specifice, are prioritate acel\ncontract. Semn\u0103tura de primire a facturii sau recep\u021bionarea m\u0103rfii\n\u00een baza facturii ori semnarea dovezii de primire a facturii (m\u0103rfii)\nprezentat\u0103 de curierul \u00eens\u0103rcinat cu aceasta, implic\u0103 acceptarea\n\u0219i respectarea condi\u021biilor \u00eenscrise \u00een aceast\u0103 conven\u021bie.<\/p>\n\n\n\n<p>\nP\u0103r\u021bile de mai sus, referitor la drepturile \u0219i obliga\u021biile lor,\nau convenit urm\u0103toarele:<\/p>\n\n\n\n<h2 class=\"wp-block-heading\">2. Obiectul contractului \u0219i calitatea produselor <\/h2>\n\n\n\n<p> Prezenta conven\u021bie reprezint\u0103 voin\u021ba p\u0103r\u021bilor reg\u0103site \u00een fiecare  factur\u0103 \u00een parte \u0219i are ca obiect v\u00e2nzarea, respectiv, cump\u0103rarea  produselor specificate \u00een factur\u0103. Calitatea produselor este cea  prev\u0103zut\u0103 \u00een specifica\u021biile tehnice despre care cump\u0103r\u0103torul se prezum\u0103  c\u0103 a luat cuno\u0219tin\u021b\u0103 \u00eenainte de primirea m\u0103rfii. Lipsa obiec\u021biunilor  cump\u0103r\u0103torului cu privire la calitatea \u0219i cantitatea produselor  exprimat\u0103 \u00een maxim 24 ore (\u00een scris, pe fax sau telefonic) reprezint\u0103  acceptarea tacit\u0103 a acestora, nemaiav\u00e2nd posibilitatea ulterioar\u0103 de  contesta\u021bie.  <\/p>\n\n\n\n<h2 class=\"wp-block-heading\"> 3. Oferte \u0219i livrarea produselor  <\/h2>\n\n\n\n<p>\nOfertele sunt valabile doar la data emiterii acestora sau pe perioada\n\u00eenscris\u0103 \u00cen ofert\u0103. Modificarea condi\u021biilor de livrare se\nconsider\u0103 acceptat\u0103 prin semnarea \u00eenscrisului care o cuprinde.\nOrice \u00een\u021belegere adi\u021bional\u0103 \u00eentre p\u0103r\u021bi trebuie consemnat\u0103 \u00een\nscris. Livrarea produselor se efectueaz\u0103 la termenele stabilite.\nV\u00e2nz\u0103torul nu r\u0103spunde pentru nerespectarea termenelor de livrare\n\u00een caz de for\u021b\u0103 major\u0103 precum: \u00eenchiderea drumurilor normale de\ntransport, lipsa m\u0103rfii datorit\u0103 neexpedierii ei c\u0103tre partenerii\nexterni, etc. C\u00e2nd expedierea \u0219i transportul m\u0103rfii cad \u00een\nsarcina v\u00e2nz\u0103torului, el are dreptul de a alege drumul \u0219i mijlocul\nde transport. Riscul pieirii fortuite a m\u0103rfii trece de la v\u00e2nz\u0103tor,\nde \u00eendat\u0103 ce marfa a fost predat\u0103 unei case de expedi\u021bii, unui\nc\u0103r\u0103u\u0219 sau cump\u0103r\u0103torului. V\u00e2nz\u0103torul nu r\u0103spunde \u00een nici o\nform\u0103 de pagubele produse ulterior pred\u0103rii.<\/p>\n\n\n\n<h2 class=\"wp-block-heading\">4. Recep\u021bia\nproduselor<\/h2>\n\n\n\n<p> Recep\u021bia produselor se face \u00een condi\u021biile legii, \u00een prezenta delegatului v\u00e2nz\u0103torului sau distribuitorului transportator, imediat ce acesta a intrat \u00een depozitul cump\u0103r\u0103torului sau locul indicat \u00een factur\u0103. \u00cen cazul \u00een care se ridic\u0103 marfa din depozitul v\u00e2nz\u0103torului, recep\u021bia se face \u00cen prezenta acestuia. Prin semnarea documentelor de primire a m\u0103rfii de c\u0103tre cump\u0103r\u0103tor, v\u00e2nz\u0103torul este eliberat de orice fel de r\u0103spundere, cu excep\u021bia drepturilor \u0219i obliga\u021biilor care le incumb\u0103 ambelor p\u0103rti prin \u00eencheierea prezentei conven\u021bii.<\/p>\n\n\n\n<h2 class=\"wp-block-heading\">5.  Pre\u021buri \u0219i modalit\u0103\u021bi de plat\u0103  <\/h2>\n\n\n\n<p>\nPreturile produselor sunt cele indicate \u00een facturi, sunt valabile\npentru livr\u0103rile care au fost convenite \u0219i doar dac\u0103 se preia\n\u00eentreaga cantitate comandat\u0103. Plata pre\u021bului se face la termenul\nprev\u0103zut \u00een factur\u0103. Prin primirea m\u0103rfii cump\u0103r\u0103torul \u0219i-a\ndat acordul f\u0103r\u0103 obiec\u021biuni asupra cuantumului pre\u021bului \u0219i a\ncondi\u021biilor de plat\u0103. \u00cen cazul pl\u0103tii facturilor prin CEC, trat\u0103,\nBO &#8211; se consider\u0103 achitate datoriile c\u0103tre v\u00e2nz\u0103tor abia dup\u0103\n\u00eencasarea banilor \u0219i nu la data pred\u0103rii CEC-ului sau BO.<\/p>\n\n\n\n<p> \u00cen cazul \u00een care marfa este v\u00e2ndut\u0103 mai departe, toate crean\u021bele pe care cump\u0103r\u0103torul ini\u021bial le dob\u00e2nde\u0219te prin v\u00e2nzarea m\u0103rfii v\u00e2nz\u0103torului se consider\u0103 cesionate v\u00e2nz\u0103torului p\u00e2n\u0103 la plata tuturor facturilor.<\/p>\n\n\n\n<h2 class=\"wp-block-heading\">6.  Penaliz\u0103ri \u0219i daune interese  <\/h2>\n\n\n\n<p>\nPentru neplata pre\u021bului la termenul stabilit prin factur\u0103,\ncump\u0103r\u0103torul datoreaz\u0103 penalit\u0103\u021bi de 1% din valoarea facturii\nneachitate pentru fiecare zi de \u00eent\u00e2rziere, f\u0103r\u0103 a fi nevoie de\npunere \u00een \u00eent\u00e2rziere.<\/p>\n\n\n\n<p>\nCuantumul penalit\u0103\u021bilor poate dep\u0103\u0219i valoarea m\u0103rfii \u00eenscris\u0103\n\u00een factur\u0103. La acestea se pot ad\u0103uga, \u00een condi\u021biile legii, daune\ninterese. Pentru sumele restante \u0219i penalit\u0103\u021bile aferente se\nangajeaz\u0103 r\u0103spunderea societ\u0103\u021bii cump\u0103r\u0103toare. S.C. ROMKUVERT\nIND S.R.L. prin reprezentantul s\u0103u, are dreptul de a urm\u0103ri \u00een\njusti\u021bie debitorul pentru \u00eentreaga sum\u0103 datorat\u0103. Debitorul\nr\u0103spunde pentru \u00eendeplinirea obliga\u021biilor asumate cu toate\nbunurile sale mobile \u0219i imobile, prezente \u0219i viitoare. \u00cen cazul \u00een\ncare cump\u0103r\u0103torul nu-\u0219i \u00eendepline\u0219te \u00een mod corect obliga\u021biile\nde plat\u0103, sau \u00een cazul \u00een care v\u00e2nz\u0103torul prime\u0219te date care\nreduc credibilitatea cump\u0103r\u0103torului, din acel moment crean\u021bele\ndevin imediat scadente, iar v\u00e2nz\u0103torul este \u00een drept s\u0103 se\nretrag\u0103 din toate contractele \u00een derulare, f\u0103r\u0103 a fi necesar\u0103\npreavizarea.<\/p>\n\n\n\n<h2 class=\"wp-block-heading\">7. Rezilierea\ncontractului<\/h2>\n\n\n\n<p>\n\u00cen cazul neachit\u0103rii integrale la scadent\u0103 a obliga\u021biilor de\nplat\u0103 de c\u0103tre cump\u0103r\u0103tor, v\u00e2nz\u0103torul \u00ee\u0219i men\u021bine dreptul de\na rezilia prezentul contract de v\u00e2nzare\u201ecump\u0103rare, cu daune\ninterese.<\/p>\n\n\n\n<h2 class=\"wp-block-heading\">8. Reclama\u021bii<\/h2>\n\n\n\n<p>\nReclama\u021biile privind marfa\ntrebuie aduse de \u00eendat\u0103 la cuno\u0219tin\u021b\u0103 v\u00e2nz\u0103torului \u00een scris,\n\u00een termen de 10 zile de la livrarea m\u0103rfii.<\/p>\n\n\n\n<p>\nAbaterile calitative considerate\n\u00een mod obi\u0219nuit normale sunt acceptate. Viciile obiectului\nprezentului contract se accept\u0103 doar dac\u0103 acestea nu puteau fi\nsesizate nici \u00een cazul \u00een care marfa a fost analizat\u0103 cu cea mai\nmare atentie la livrarea acesteia.<\/p>\n\n\n\n<p>\nV\u00e2nz\u0103torul nu are nici o r\u0103spundere pentru cazul \u00een care\nm\u0103rfurile livrate nu corespund scopului pentru care au fost\nachizi\u021bionate de cump\u0103r\u0103tor. \u00cen cazul unor lipsuri materiale\ncump\u0103r\u0103torul poate cere compietarea m\u0103rfii, dar nu poate cere\nplata de daune. Returnarea m\u0103rfii nu poate fi efectuat\u0103 dec\u00e2t cu\nacordul prealabil al v\u00e2nz\u0103torului. Marfa executat\u0103 cu specifica\u021bii\nspeciale pentru cump\u0103r\u0103tor nu poate fi returnat\u0103 sau refuzat\u0103 de\nacesta. V\u00e2nz\u0103torul are dreptul s\u0103 verifice, analizeze \u0219i\ncerceteze marfa care face obiectul reclama\u021biei.<\/p>\n\n\n\n<h2 class=\"wp-block-heading\">9.\nLitigii<\/h2>\n\n\n\n<p>\n\u00cen cazul oric\u0103ror ne\u00een\u021belegeri\ncare se vor ivi \u00een cursul execu\u021biei prezentului contract, se va\n\u00eencerca rezolvarea lor pe cale amiabil\u0103.<\/p>\n\n\n\n<p>\n\u00cen caz de litigiu, p\u0103r\u021bile vor accepta competen\u021ba instan\u021belor\njudec\u0103tore\u0219ti de la sediul v\u00e2nz\u0103torului.<\/p>\n\n\n\n<h2 class=\"wp-block-heading\">10. Dispozi\u021bii\nfinale<\/h2>\n\n\n\n<p>\nLa baza rela\u021biilor comerciale\nstau prevederile legale ale Rom\u00e2niei. Dac\u0103 orice prevedere de mai\nsus este sau devine nul\u0103, celelalte prevederi r\u0103m\u00e2n valabile.\nOrice prevedere nul\u0103 va fi supus\u0103 substituirii cu o prevedere\nsimilar\u0103 \u00een sensul \u0219i scopul celor de mai sus.<\/p>\n\n\n\n<p>\nAceast\u0103 conven\u021bie a fost\n\u00eencheiat\u0103 \u0219i semnat\u0103 \u00een trei exemplare din care exemplarul \u00eent\u00e2i\nrevine cump\u0103r\u0103torului, celelalte r\u0103m\u00e2n\u00e2nd la v\u00e2nz\u0103tor.<\/p>","protected":false},"excerpt":{"rendered":"<p>1. Generalit\u0103\u021bi Clauzele prezentate au valoarea juridic\u0103 a unui contract \u0219i au fost \u00eencheiate azi, ziua factur\u0103rii, \u00eentre S.C. ROMKUVERT IND S.R.L., denumit\u0103 \u00een continuare v\u00e2nz\u0103tor \u0219i societatea comercial\u0103 sau persoana fizic\u0103 cump\u0103r\u0103toare, \u00eenscris\u0103 pe fata facturii &#8211; denumit\u0103 \u00een continuare cump\u0103r\u0103tor. C\u00e2nd \u00eentre p\u0103r\u021bi a fost \u00eencheiat un contract care con\u021bine clauze specifice, are &#8230; <a title=\"Sales conditions\" class=\"read-more\" href=\"https:\/\/www.romkuvert.ro\/en\/conditii-de-vanzare\/\">Read more<span class=\"screen-reader-text\">Sales conditions<\/span><\/a><\/p>","protected":false},"author":1,"featured_media":0,"parent":0,"menu_order":0,"comment_status":"closed","ping_status":"closed","template":"","meta":{"_exactmetrics_skip_tracking":false,"_exactmetrics_sitenote_active":false,"_exactmetrics_sitenote_note":"","_exactmetrics_sitenote_category":0,"footnotes":""},"class_list":["post-141","page","type-page","status-publish"],"aioseo_notices":[],"_links":{"self":[{"href":"https:\/\/www.romkuvert.ro\/en\/wp-json\/wp\/v2\/pages\/141","targetHints":{"allow":["GET"]}}],"collection":[{"href":"https:\/\/www.romkuvert.ro\/en\/wp-json\/wp\/v2\/pages"}],"about":[{"href":"https:\/\/www.romkuvert.ro\/en\/wp-json\/wp\/v2\/types\/page"}],"author":[{"embeddable":true,"href":"https:\/\/www.romkuvert.ro\/en\/wp-json\/wp\/v2\/users\/1"}],"replies":[{"embeddable":true,"href":"https:\/\/www.romkuvert.ro\/en\/wp-json\/wp\/v2\/comments?post=141"}],"version-history":[{"count":3,"href":"https:\/\/www.romkuvert.ro\/en\/wp-json\/wp\/v2\/pages\/141\/revisions"}],"predecessor-version":[{"id":144,"href":"https:\/\/www.romkuvert.ro\/en\/wp-json\/wp\/v2\/pages\/141\/revisions\/144"}],"wp:attachment":[{"href":"https:\/\/www.romkuvert.ro\/en\/wp-json\/wp\/v2\/media?parent=141"}],"curies":[{"name":"wp","href":"https:\/\/api.w.org\/{rel}","templated":true}]}}